{"id":225,"date":"2026-03-13T10:34:08","date_gmt":"2026-03-13T09:34:08","guid":{"rendered":"https:\/\/animation-hh30.ovh\/?page_id=225"},"modified":"2026-03-13T13:37:46","modified_gmt":"2026-03-13T12:37:46","slug":"mandat-de-gestion","status":"publish","type":"page","link":"https:\/\/animation-hh30.ovh\/index.php\/les-logements-diffus\/mandat-de-gestion\/","title":{"rendered":"Mandat de Gestion"},"content":{"rendered":"\n<p><br>L\u2019association <strong>Habitat et Humanisme<\/strong> propose de nombreux logements dans tout le d\u00e9partement (N\u00eemes M\u00e9tropole, Al\u00e8s, la Vaunage, Petite Camargue).<\/p>\n\n\n\n<p><strong>Nos missions :<\/strong><br>Attribution de logements conventionn\u00e9s par l&rsquo;Etat et lou\u00e9s \u00e0 des personnes en difficult\u00e9s.<\/p>\n\n\n\n<p><strong>Mobiliser <\/strong><br>A travers la d\u00e9marche \u00ab <strong><a href=\"https:\/\/animation-hh30.ovh\/index.php\/agence-immobiliere-a-vocation-sociale\/proprietaires-solidaires\/\" data-type=\"page\" data-id=\"239\">Propri\u00e9taires Solidaires<\/a><\/strong> \u00bb, Habitat et Humanisme se voit confier des biens appartenant \u00e0 des propri\u00e9taires priv\u00e9s et publics. Ces propri\u00e9taires b\u00e9n\u00e9ficient ainsi d\u2019une tranquillit\u00e9 de gestion, d\u2019avantages fiscaux et de la possibilit\u00e9 de recevoir des subventions pour la r\u00e9novation de leur bien.<\/p>\n\n\n\n<p><strong>L\u2019accompagnement social<\/strong> peut se mat\u00e9rialiser par le soutien dans :<\/p>\n\n\n\n<ul class=\"wp-block-list\">\n<li>La pr\u00e9vention des impay\u00e9s de loyer ;<\/li>\n\n\n\n<li>La gestion budg\u00e9taire et les d\u00e9marches administratives ;<\/li>\n\n\n\n<li>La gestion du quotidien dans le logement ;<\/li>\n\n\n\n<li>L&rsquo;acc\u00e8s aux droits et<strong> <\/strong>notamment l\u2019aide au logement ;<\/li>\n\n\n\n<li>L\u2019inclusion dans le voisinage et un ancrage local dans une sociabilit\u00e9 de quartier ;<\/li>\n\n\n\n<li>Le rep\u00e9rage et le plein usage des services de proximit\u00e9 ;<\/li>\n\n\n\n<li>L\u2019 orientation vers les divers services sociaux, associations caritatives, et insertion professionnelle.<\/li>\n<\/ul>\n\n\n\n<p><strong><br><\/strong><\/p>\n","protected":false},"excerpt":{"rendered":"<p>L\u2019association Habitat et Humanisme propose de nombreux logements dans tout le d\u00e9partement (N\u00eemes M\u00e9tropole, Al\u00e8s, la Vaunage, Petite Camargue). Nos missions :Attribution de logements conventionn\u00e9s par l&rsquo;Etat et lou\u00e9s \u00e0 des personnes en difficult\u00e9s. Mobiliser A travers la d\u00e9marche \u00ab Propri\u00e9taires Solidaires \u00bb, Habitat et Humanisme se voit confier des biens appartenant \u00e0 des propri\u00e9taires &hellip; <a href=\"https:\/\/animation-hh30.ovh\/index.php\/les-logements-diffus\/mandat-de-gestion\/\" class=\"more-link\">Continuer la lecture de <span class=\"screen-reader-text\">Mandat de Gestion<\/span>  <span class=\"meta-nav\">&rarr;<\/span><\/a><\/p>\n","protected":false},"author":4,"featured_media":0,"parent":223,"menu_order":1,"comment_status":"closed","ping_status":"closed","template":"","meta":{"footnotes":""},"class_list":["post-225","page","type-page","status-publish","hentry"],"_links":{"self":[{"href":"https:\/\/animation-hh30.ovh\/index.php\/wp-json\/wp\/v2\/pages\/225","targetHints":{"allow":["GET"]}}],"collection":[{"href":"https:\/\/animation-hh30.ovh\/index.php\/wp-json\/wp\/v2\/pages"}],"about":[{"href":"https:\/\/animation-hh30.ovh\/index.php\/wp-json\/wp\/v2\/types\/page"}],"author":[{"embeddable":true,"href":"https:\/\/animation-hh30.ovh\/index.php\/wp-json\/wp\/v2\/users\/4"}],"replies":[{"embeddable":true,"href":"https:\/\/animation-hh30.ovh\/index.php\/wp-json\/wp\/v2\/comments?post=225"}],"version-history":[{"count":4,"href":"https:\/\/animation-hh30.ovh\/index.php\/wp-json\/wp\/v2\/pages\/225\/revisions"}],"predecessor-version":[{"id":260,"href":"https:\/\/animation-hh30.ovh\/index.php\/wp-json\/wp\/v2\/pages\/225\/revisions\/260"}],"up":[{"embeddable":true,"href":"https:\/\/animation-hh30.ovh\/index.php\/wp-json\/wp\/v2\/pages\/223"}],"wp:attachment":[{"href":"https:\/\/animation-hh30.ovh\/index.php\/wp-json\/wp\/v2\/media?parent=225"}],"curies":[{"name":"wp","href":"https:\/\/api.w.org\/{rel}","templated":true}]}}