{"id":90,"date":"2026-01-18T19:50:30","date_gmt":"2026-01-18T18:50:30","guid":{"rendered":"https:\/\/animation-hh30.ovh\/?page_id=90"},"modified":"2026-03-13T10:28:42","modified_gmt":"2026-03-13T09:28:42","slug":"les-publications","status":"publish","type":"page","link":"https:\/\/animation-hh30.ovh\/","title":{"rendered":"Les Gazettes"},"content":{"rendered":"\n<p class=\"has-text-align-center\">Vous trouverez ci-dessous les derni\u00e8res gazettes <br>du service animation<\/p>\n\n\n<ul class=\"mailpoet_archive\"><li><span class=\"mailpoet_archive_date\">11 avril 2026<\/span>\n          <span class=\"mailpoet_archive_subject\"><a href=\"https:\/\/animation-hh30.ovh?mailpoet_router&amp;endpoint=view_in_browser&amp;action=view&amp;data=WzQ2LCI2ZjRkY2YyZGQ2YWQiLDAsMCwyOSwxXQ\" target=\"_blank\" title=\"Aper\u00e7u dans un nouvel onglet\">P\u00e2ques , pas que...au Patio!<\/a><\/span>\n        <\/li><li><span class=\"mailpoet_archive_date\">27 mars 2026<\/span>\n          <span class=\"mailpoet_archive_subject\"><a href=\"https:\/\/animation-hh30.ovh?mailpoet_router&amp;endpoint=view_in_browser&amp;action=view&amp;data=WzQ1LCJmMWZjMjUzMWEyOTAiLDAsMCwyNywxXQ\" target=\"_blank\" title=\"Aper\u00e7u dans un nouvel onglet\"> Les animations de la Margeride en mars<\/a><\/span>\n        <\/li><li><span class=\"mailpoet_archive_date\">20 mars 2026<\/span>\n          <span class=\"mailpoet_archive_subject\"><a href=\"https:\/\/animation-hh30.ovh?mailpoet_router&amp;endpoint=view_in_browser&amp;action=view&amp;data=WzQxLCI0OTI4NWIzOTkzZDQiLDAsMCwyNSwxXQ\" target=\"_blank\" title=\"Aper\u00e7u dans un nouvel onglet\">Atelier artistique au Caf\u00e9 C\u00e9ramique pour l&#039;Habitat inclusif Le patio des Hirondelles<\/a><\/span>\n        <\/li><li><span class=\"mailpoet_archive_date\">20 mars 2026<\/span>\n          <span class=\"mailpoet_archive_subject\"><a href=\"https:\/\/animation-hh30.ovh?mailpoet_router&amp;endpoint=view_in_browser&amp;action=view&amp;data=WzQwLCIwZmE3NmU2NTMwYzUiLDAsMCwyNCwxXQ\" target=\"_blank\" title=\"Aper\u00e7u dans un nouvel onglet\">Carnaval de Verg\u00e8ze<\/a><\/span>\n        <\/li><li><span class=\"mailpoet_archive_date\">11 mars 2026<\/span>\n          <span class=\"mailpoet_archive_subject\"><a href=\"https:\/\/animation-hh30.ovh?mailpoet_router&amp;endpoint=view_in_browser&amp;action=view&amp;data=WzM5LCJmZDhhYjViNTc2ZGYiLDAsMCwyMywxXQ\" target=\"_blank\" title=\"Aper\u00e7u dans un nouvel onglet\">Journ\u00e9e International des droits des femmes \u00e0 Verg\u00e8ze<\/a><\/span>\n        <\/li><li><span class=\"mailpoet_archive_date\">9 mars 2026<\/span>\n          <span class=\"mailpoet_archive_subject\"><a href=\"https:\/\/animation-hh30.ovh?mailpoet_router&amp;endpoint=view_in_browser&amp;action=view&amp;data=WzM4LCI1MTZjMTMwODY4ZDgiLDAsMCwyMiwxXQ\" target=\"_blank\" title=\"Aper\u00e7u dans un nouvel onglet\">Un loto convivial entre locataires<\/a><\/span>\n        <\/li><li><span class=\"mailpoet_archive_date\">4 mars 2026<\/span>\n          <span class=\"mailpoet_archive_subject\"><a href=\"https:\/\/animation-hh30.ovh?mailpoet_router&amp;endpoint=view_in_browser&amp;action=view&amp;data=WzM3LCJjMGU5OGFmMGMzOTIiLDAsMCwyMSwxXQ\" target=\"_blank\" title=\"Aper\u00e7u dans un nouvel onglet\">Voyage au centre de la terre<\/a><\/span>\n        <\/li><li><span class=\"mailpoet_archive_date\">17 f\u00e9vrier 2026<\/span>\n          <span class=\"mailpoet_archive_subject\"><a href=\"https:\/\/animation-hh30.ovh?mailpoet_router&amp;endpoint=view_in_browser&amp;action=view&amp;data=WzMzLCIyYzY0MmJiMzUxOTIiLDAsMCwyMCwxXQ\" target=\"_blank\" title=\"Aper\u00e7u dans un nouvel onglet\">Le Hand fit s\u2019invite \u00e0 Verg\u00e8ze !<\/a><\/span>\n        <\/li><li><span class=\"mailpoet_archive_date\">16 f\u00e9vrier 2026<\/span>\n          <span class=\"mailpoet_archive_subject\"><a href=\"https:\/\/animation-hh30.ovh?mailpoet_router&amp;endpoint=view_in_browser&amp;action=view&amp;data=WzM2LCI2Zjg3YWYyZjBlMTUiLDAsMCwxOSwxXQ\" target=\"_blank\" title=\"Aper\u00e7u dans un nouvel onglet\">Rencontre annuelle entre les salari\u00e9es et les b\u00e9n\u00e9voles<\/a><\/span>\n        <\/li><li><span class=\"mailpoet_archive_date\">16 f\u00e9vrier 2026<\/span>\n          <span class=\"mailpoet_archive_subject\"><a href=\"https:\/\/animation-hh30.ovh?mailpoet_router&amp;endpoint=view_in_browser&amp;action=view&amp;data=WzI5LCJjMmNiYjc4MWNiY2MiLDAsMCwxNiwxXQ\" target=\"_blank\" title=\"Aper\u00e7u dans un nouvel onglet\">Journ\u00e9e \u00e0 Verg\u00e8ze pour la Palette voyageuse<\/a><\/span>\n        <\/li><li><span class=\"mailpoet_archive_date\">16 f\u00e9vrier 2026<\/span>\n          <span class=\"mailpoet_archive_subject\"><a href=\"https:\/\/animation-hh30.ovh?mailpoet_router&amp;endpoint=view_in_browser&amp;action=view&amp;data=WzMwLCJlMjBhOWZmYTM2ZmUiLDAsMCwxNSwxXQ\" target=\"_blank\" title=\"Aper\u00e7u dans un nouvel onglet\">PETITES PIEUVRES<\/a><\/span>\n        <\/li><li><span class=\"mailpoet_archive_date\">16 f\u00e9vrier 2026<\/span>\n          <span class=\"mailpoet_archive_subject\"><a href=\"https:\/\/animation-hh30.ovh?mailpoet_router&amp;endpoint=view_in_browser&amp;action=view&amp;data=WzgsIjZkMWI0Zjc3MDI2NyIsMCwwLDE0LDFd\" target=\"_blank\" title=\"Aper\u00e7u dans un nouvel onglet\">L&#039;inclusion par le sport<\/a><\/span>\n        <\/li><li><span class=\"mailpoet_archive_date\">17 janvier 2026<\/span>\n          <span class=\"mailpoet_archive_subject\"><a href=\"https:\/\/animation-hh30.ovh?mailpoet_router&amp;endpoint=view_in_browser&amp;action=view&amp;data=WzEyLCIxMGRiNTc5NTFjZjkiLDAsMCw3LDFd\" target=\"_blank\" title=\"Aper\u00e7u dans un nouvel onglet\">Les automnales de Verg\u00e8ze<\/a><\/span>\n        <\/li><\/ul>\n\n\n\n<hr class=\"wp-block-separator has-text-color has-alpha-channel-opacity has-background is-style-wide\" style=\"background-color:#119be1;color:#119be1\"\/>\n\n\n\n<blockquote class=\"wp-block-quote is-layout-flow wp-block-quote-is-layout-flow\">\n<p class=\"has-text-align-center has-green-color has-text-color has-link-color wp-elements-dce0c068b15053cce22f624c7f3951bb\"><strong>Si vous souhaitez recevoir les gazettes vous pouvez vous inscrire en compl\u00e9tant le formulaire ci-dessous<\/strong><\/p>\n<\/blockquote>\n\n\n\n<hr class=\"wp-block-separator has-text-color has-alpha-channel-opacity has-background is-style-wide\" style=\"background-color:#0ca1fa;color:#0ca1fa\"\/>\n\n\n  \n  \n  <div class=\"\n    mailpoet_form_popup_overlay\n      \"><\/div>\n  <div\n    id=\"mailpoet_form_2\"\n    class=\"\n      mailpoet_form\n      mailpoet_form_html\n      mailpoet_form_position_\n      mailpoet_form_animation_\n    \"\n      >\n\n    <style type=\"text\/css\">\n     #mailpoet_form_2 .mailpoet_form {  }\n#mailpoet_form_2 .mailpoet_column_with_background { padding: 10px; }\n#mailpoet_form_2 .mailpoet_form_column:not(:first-child) { margin-left: 20px; }\n#mailpoet_form_2 .mailpoet_paragraph { line-height: 20px; margin-bottom: 20px; }\n#mailpoet_form_2 .mailpoet_segment_label, #mailpoet_form_2 .mailpoet_text_label, #mailpoet_form_2 .mailpoet_textarea_label, #mailpoet_form_2 .mailpoet_select_label, #mailpoet_form_2 .mailpoet_radio_label, #mailpoet_form_2 .mailpoet_checkbox_label, #mailpoet_form_2 .mailpoet_list_label, #mailpoet_form_2 .mailpoet_date_label { display: block; font-weight: normal; }\n#mailpoet_form_2 .mailpoet_text, #mailpoet_form_2 .mailpoet_textarea, #mailpoet_form_2 .mailpoet_select, #mailpoet_form_2 .mailpoet_date_month, #mailpoet_form_2 .mailpoet_date_day, #mailpoet_form_2 .mailpoet_date_year, #mailpoet_form_2 .mailpoet_date { display: block; }\n#mailpoet_form_2 .mailpoet_text, #mailpoet_form_2 .mailpoet_textarea { width: 200px; }\n#mailpoet_form_2 .mailpoet_checkbox {  }\n#mailpoet_form_2 .mailpoet_submit {  }\n#mailpoet_form_2 .mailpoet_divider {  }\n#mailpoet_form_2 .mailpoet_message {  }\n#mailpoet_form_2 .mailpoet_form_loading { width: 30px; text-align: center; line-height: normal; }\n#mailpoet_form_2 .mailpoet_form_loading > span { width: 5px; height: 5px; background-color: #5b5b5b; }#mailpoet_form_2{border-radius: 1px;background: #db7936;text-align: left;}#mailpoet_form_2 form.mailpoet_form {padding: 20px;}#mailpoet_form_2{width: 100%;}#mailpoet_form_2 .mailpoet_message {margin: 0; padding: 0 20px;}#mailpoet_form_2 .mailpoet_paragraph.last {margin-bottom: 0} @media (max-width: 500px) {#mailpoet_form_2 {background: #db7936;}} @media (min-width: 500px) {#mailpoet_form_2 .last .mailpoet_paragraph:last-child {margin-bottom: 0}}  @media (max-width: 500px) {#mailpoet_form_2 .mailpoet_form_column:last-child .mailpoet_paragraph:last-child {margin-bottom: 0}} \n    <\/style>\n\n    <form\n      target=\"_self\"\n      method=\"post\"\n      action=\"https:\/\/animation-hh30.ovh\/wp-admin\/admin-post.php?action=mailpoet_subscription_form\"\n      class=\"mailpoet_form mailpoet_form_form mailpoet_form_html\"\n      novalidate\n      data-delay=\"\"\n      data-exit-intent-enabled=\"\"\n      data-font-family=\"\"\n      data-cookie-expiration-time=\"\"\n    >\n      <input type=\"hidden\" name=\"data[form_id]\" value=\"2\" \/>\n      <input type=\"hidden\" name=\"token\" value=\"6962c23e18\" \/>\n      <input type=\"hidden\" name=\"api_version\" value=\"v1\" \/>\n      <input type=\"hidden\" name=\"endpoint\" value=\"subscribers\" \/>\n      <input type=\"hidden\" name=\"mailpoet_method\" value=\"subscribe\" \/>\n\n      <label class=\"mailpoet_hp_email_label\" style=\"display: none !important;\">Veuillez laisser ce champ vide<input type=\"email\" name=\"data[email]\"\/><\/label><p class=\"mailpoet_form_paragraph  mailpoet-has-font-size\" style=\"text-align: center; font-size: 16px\"><span style=\"font-family: Archivo Narrow\" data-font=\"Archivo Narrow\" class=\"mailpoet-has-font\"><strong>Je m&rsquo;abonne <br>aux publications<\/strong><\/span><\/p>\n<div class=\"mailpoet_paragraph \"><input type=\"text\" autocomplete=\"family-name\" class=\"mailpoet_text\" id=\"form_last_name_2\" name=\"data[form_field_ZWFhZGM5YjRiZmZjX2xhc3RfbmFtZQ==]\" title=\"Nom\" value=\"\" style=\"width:100%;box-sizing:border-box;padding:5px;margin: 0 auto 0 0;font-family:&#039;Tahoma&#039;;\" data-automation-id=\"form_last_name\"  placeholder=\"Nom *\" aria-label=\"Nom *\" data-parsley-errors-container=\".mailpoet_error_1d7wr\" data-parsley-names='[&quot;Veuillez sp\u00e9cifier un nom valide.&quot;,&quot;Les adresses dans les noms ne sont pas autoris\u00e9es, veuillez ajouter votre nom \u00e0 la place.&quot;]' data-parsley-required=\"true\" required aria-required=\"true\" data-parsley-required-message=\"Ce champ est n\u00e9cessaire.\"\/><span class=\"mailpoet_error_1d7wr\"><\/span><\/div>\n<div class=\"mailpoet_paragraph \"><input type=\"text\" autocomplete=\"given-name\" class=\"mailpoet_text\" id=\"form_first_name_2\" name=\"data[form_field_NGRlOGYxZTAyOWRhX2ZpcnN0X25hbWU=]\" title=\"Pr\u00e9nom\" value=\"\" style=\"width:100%;box-sizing:border-box;padding:5px;margin: 0 auto 0 0;font-family:&#039;Tahoma&#039;;\" data-automation-id=\"form_first_name\"  placeholder=\"Pr\u00e9nom *\" aria-label=\"Pr\u00e9nom *\" data-parsley-errors-container=\".mailpoet_error_wtj5k\" data-parsley-names='[&quot;Veuillez sp\u00e9cifier un nom valide.&quot;,&quot;Les adresses dans les noms ne sont pas autoris\u00e9es, veuillez ajouter votre nom \u00e0 la place.&quot;]' data-parsley-required=\"true\" required aria-required=\"true\" data-parsley-required-message=\"Ce champ est n\u00e9cessaire.\"\/><span class=\"mailpoet_error_wtj5k\"><\/span><\/div>\n<div class=\"mailpoet_paragraph \"><input type=\"email\" autocomplete=\"email\" class=\"mailpoet_text\" id=\"form_email_2\" name=\"data[form_field_MjkzNjUwMmZhNDU0X2VtYWls]\" title=\"Adresse e-mail\" value=\"\" style=\"width:100%;box-sizing:border-box;padding:5px;margin: 0 auto 0 0;font-family:&#039;Tahoma&#039;;\" data-automation-id=\"form_email\"  placeholder=\"Adresse e-mail *\" aria-label=\"Adresse e-mail *\" data-parsley-errors-container=\".mailpoet_error_z146n\" data-parsley-required=\"true\" required aria-required=\"true\" data-parsley-minlength=\"6\" data-parsley-maxlength=\"150\" data-parsley-type-message=\"Cette valeur doit \u00eatre un e-mail valide.\" data-parsley-required-message=\"Ce champ est n\u00e9cessaire.\"\/><span class=\"mailpoet_error_z146n\"><\/span><\/div>\n<div class=\"mailpoet_paragraph \"><input type=\"submit\" class=\"mailpoet_submit\" value=\"Je m\u2019abonne\u00a0!\" data-automation-id=\"subscribe-submit-button\" style=\"width:100%;box-sizing:border-box;padding:5px;margin: 0 auto 0 0;font-family:&#039;Tahoma&#039;;border-color:transparent;\" \/><span class=\"mailpoet_form_loading\"><span class=\"mailpoet_bounce1\"><\/span><span class=\"mailpoet_bounce2\"><\/span><span class=\"mailpoet_bounce3\"><\/span><\/span><\/div>\n<p class=\"mailpoet_form_paragraph  mailpoet-has-font-size\" style=\"text-align: center; font-size: 13px\"><span style=\"font-family: Arial\" data-font=\"Arial\" class=\"mailpoet-has-font\">Pensez \u00e0 valider votre abonnement \u00e0 partir de votre boite mail<\/span><\/p>\n\n      <div class=\"mailpoet_message\">\n        <p class=\"mailpoet_validate_success\"\n                style=\"display:none;\"\n                >Merci de v\u00e9rifiez votre boite de r\u00e9ception ou votre r\u00e9pertoire d\u2019ind\u00e9sirables pour confirmer votre abonnement.\n        <\/p>\n        <p class=\"mailpoet_validate_error\"\n                style=\"display:none;\"\n                >        <\/p>\n      <\/div>\n    <\/form>\n\n      <\/div>\n\n  ","protected":false},"excerpt":{"rendered":"<p>Vous trouverez ci-dessous les derni\u00e8res gazettes du service animation Si vous souhaitez recevoir les gazettes vous pouvez vous inscrire en compl\u00e9tant le formulaire ci-dessous<\/p>\n","protected":false},"author":2,"featured_media":0,"parent":0,"menu_order":0,"comment_status":"closed","ping_status":"closed","template":"","meta":{"footnotes":""},"class_list":["post-90","page","type-page","status-publish","hentry"],"_links":{"self":[{"href":"https:\/\/animation-hh30.ovh\/index.php\/wp-json\/wp\/v2\/pages\/90","targetHints":{"allow":["GET"]}}],"collection":[{"href":"https:\/\/animation-hh30.ovh\/index.php\/wp-json\/wp\/v2\/pages"}],"about":[{"href":"https:\/\/animation-hh30.ovh\/index.php\/wp-json\/wp\/v2\/types\/page"}],"author":[{"embeddable":true,"href":"https:\/\/animation-hh30.ovh\/index.php\/wp-json\/wp\/v2\/users\/2"}],"replies":[{"embeddable":true,"href":"https:\/\/animation-hh30.ovh\/index.php\/wp-json\/wp\/v2\/comments?post=90"}],"version-history":[{"count":6,"href":"https:\/\/animation-hh30.ovh\/index.php\/wp-json\/wp\/v2\/pages\/90\/revisions"}],"predecessor-version":[{"id":115,"href":"https:\/\/animation-hh30.ovh\/index.php\/wp-json\/wp\/v2\/pages\/90\/revisions\/115"}],"wp:attachment":[{"href":"https:\/\/animation-hh30.ovh\/index.php\/wp-json\/wp\/v2\/media?parent=90"}],"curies":[{"name":"wp","href":"https:\/\/api.w.org\/{rel}","templated":true}]}}